{"id":41,"date":"2019-12-05T16:14:03","date_gmt":"2019-12-05T15:14:03","guid":{"rendered":"https:\/\/bd-spies.de\/?page_id=41"},"modified":"2020-11-12T22:53:30","modified_gmt":"2020-11-12T21:53:30","slug":"regionaldirektion-schmieder-team-gmbh","status":"publish","type":"page","link":"https:\/\/bd-spies.de\/?page_id=41","title":{"rendered":"Regionaldirektion Schmieder &#038; Team GmbH"},"content":{"rendered":"\n<p><span style=\"text-decoration: underline;\">So erreichen Sie uns:<\/span><span style=\"text-decoration: underline;\"><\/span><br>Tel:    0821\/ 44 80 93 90<br> Fax: 0821\/ 44 80 93 99 0<br><span class=\"has-inline-color has-black-color\"><\/span><span class=\"has-inline-color has-vivid-cyan-blue-color\"><a href=\"mailto:fd.schmieder@zuerich.de\">fd.schmieder@zuerich.de<\/a><\/span><br><a href=\"https:\/\/www.zurich-schmieder.de\/unsere_versicherungen-340167.html\">www.zurich-schmieder.de<\/a><\/p>\n\n\n\n<p><\/p>\n\n\n\n<p><span style=\"text-decoration: underline;\">Anschrift:<\/span><br>Provinostr. 47<br>86153 Augsburg<\/p>\n\n\n\n<p>direkt gegen\u00fcber vom Textilmuseum n\u00e4he der CityGalerie.<br>Parkpl\u00e4tze stehen im Hof zur Verf\u00fcgung<\/p>\n\n\n\n<figure class=\"wp-block-image size-large\"><img loading=\"lazy\" decoding=\"async\" width=\"1024\" height=\"663\" src=\"https:\/\/bd-spies.de\/wp-content\/uploads\/2020\/11\/Trachte_Facebook-1024x663.jpg\" alt=\"\" class=\"wp-image-91\" srcset=\"https:\/\/bd-spies.de\/wp-content\/uploads\/2020\/11\/Trachte_Facebook-1024x663.jpg 1024w, https:\/\/bd-spies.de\/wp-content\/uploads\/2020\/11\/Trachte_Facebook-300x194.jpg 300w, https:\/\/bd-spies.de\/wp-content\/uploads\/2020\/11\/Trachte_Facebook-768x497.jpg 768w, https:\/\/bd-spies.de\/wp-content\/uploads\/2020\/11\/Trachte_Facebook.jpg 1307w\" sizes=\"auto, (max-width: 767px) 89vw, (max-width: 1000px) 54vw, (max-width: 1071px) 543px, 580px\" \/><\/figure>\n\n\n\n<p><br><\/p>\n","protected":false},"excerpt":{"rendered":"<p>So erreichen Sie uns:Tel: 0821\/ 44 80 93 90 Fax: 0821\/ 44 80 93 99 0fd.schmieder@zuerich.dewww.zurich-schmieder.de Anschrift:Provinostr. 4786153 Augsburg direkt gegen\u00fcber vom Textilmuseum n\u00e4he der CityGalerie.Parkpl\u00e4tze stehen im Hof zur Verf\u00fcgung<\/p>\n","protected":false},"author":1,"featured_media":0,"parent":0,"menu_order":0,"comment_status":"closed","ping_status":"closed","template":"","meta":{"footnotes":""},"class_list":["post-41","page","type-page","status-publish","hentry"],"_links":{"self":[{"href":"https:\/\/bd-spies.de\/index.php?rest_route=\/wp\/v2\/pages\/41","targetHints":{"allow":["GET"]}}],"collection":[{"href":"https:\/\/bd-spies.de\/index.php?rest_route=\/wp\/v2\/pages"}],"about":[{"href":"https:\/\/bd-spies.de\/index.php?rest_route=\/wp\/v2\/types\/page"}],"author":[{"embeddable":true,"href":"https:\/\/bd-spies.de\/index.php?rest_route=\/wp\/v2\/users\/1"}],"replies":[{"embeddable":true,"href":"https:\/\/bd-spies.de\/index.php?rest_route=%2Fwp%2Fv2%2Fcomments&post=41"}],"version-history":[{"count":8,"href":"https:\/\/bd-spies.de\/index.php?rest_route=\/wp\/v2\/pages\/41\/revisions"}],"predecessor-version":[{"id":113,"href":"https:\/\/bd-spies.de\/index.php?rest_route=\/wp\/v2\/pages\/41\/revisions\/113"}],"wp:attachment":[{"href":"https:\/\/bd-spies.de\/index.php?rest_route=%2Fwp%2Fv2%2Fmedia&parent=41"}],"curies":[{"name":"wp","href":"https:\/\/api.w.org\/{rel}","templated":true}]}}